{"id":145,"date":"2022-11-02T14:54:33","date_gmt":"2022-11-02T14:54:33","guid":{"rendered":"http:\/\/v2.kfz-service-weller.de\/?page_id=145"},"modified":"2022-11-04T19:01:59","modified_gmt":"2022-11-04T19:01:59","slug":"markenfreie-werkstattfuer-pkw-und-zweiraeder","status":"publish","type":"page","link":"http:\/\/www.kfz-service-weller.de\/","title":{"rendered":"Ihr Fahrzeug in guten H\u00e4nden"},"content":{"rendered":"\n<div class=\"wp-container-1 wp-block-group alignfull\"><div class=\"wp-block-group__inner-container\">\n<p class=\"has-text-align-left has-neve-link-hover-color-color has-nv-site-bg-background-color has-text-color has-background\"><strong>Mein Angebot<\/strong><br>Kompetenter Service  <br>Markenfreie KfZ-Werkstatt <br>Auto- und Motorradservice  <br>Schl\u00fcsseldienst  <br>Reifenhandel (MLX-Reifenst\u00fctzpunkt) <br>Glas- und Auspuffreparaturdienstleistungen<br>Sofortservice (z.B. \u00d6lwechsel) <br>Haupt- und Abgasuntersuchung (HU\/AU) &#8211; Anmeldung erforderlich <\/p>\n\n\n\n<p class=\"has-text-align-left has-neve-link-color-color has-nv-site-bg-background-color has-text-color has-background\"><strong>\u00d6ffnungszeiten<\/strong><br>Mo, Mi, Do: 8:oo \u2013 17:oo Uhr<br>Di: 8:oo \u2013 18:oo Uhr<br>Fr: 8:oo \u2013 16:oo Uhr<br>Sa: nach Vereinbarung<\/p>\n\n\n\n<p class=\"has-text-align-left has-neve-link-color-color has-nv-site-bg-background-color has-text-color has-background\"><strong>Kontakt<\/strong><br>T +49 (0) 35 602 \/ 602<br>M +49 (0) 177 \/ 35 07 082<br>F +49 (0) 35 602 \/ 21 736<br>E info@kfz-service-weller.de<\/p>\n\n\n\n<p class=\"has-text-align-left has-neve-link-color-color has-nv-site-bg-background-color has-text-color has-background\"><strong>Navigation<\/strong><br>Bahnhofstr. 26 | 03116 Drebkau<\/p>\n<\/div><\/div>\n","protected":false},"excerpt":{"rendered":"<p>Mein AngebotKompetenter Service Markenfreie KfZ-Werkstatt Auto- und Motorradservice Schl\u00fcsseldienst Reifenhandel (MLX-Reifenst\u00fctzpunkt) Glas- und AuspuffreparaturdienstleistungenSofortservice (z.B. \u00d6lwechsel) Haupt- und Abgasuntersuchung (HU\/AU) &#8211; Anmeldung erforderlich \u00d6ffnungszeitenMo, Mi, Do: 8:oo \u2013 17:oo UhrDi: 8:oo \u2013 18:oo UhrFr: 8:oo \u2013 16:oo UhrSa: nach Vereinbarung KontaktT +49 (0) 35 602 \/ 602M +49 (0) 177 \/ 35 07 082F +49 <a class=\"read-more\" href=\"http:\/\/www.kfz-service-weller.de\/\">READ MORE<\/a><\/p>\n","protected":false},"author":1,"featured_media":0,"parent":0,"menu_order":0,"comment_status":"closed","ping_status":"closed","template":"","meta":{"_ti_tpc_template_sync":false,"_ti_tpc_template_id":""},"_links":{"self":[{"href":"http:\/\/www.kfz-service-weller.de\/index.php?rest_route=\/wp\/v2\/pages\/145"}],"collection":[{"href":"http:\/\/www.kfz-service-weller.de\/index.php?rest_route=\/wp\/v2\/pages"}],"about":[{"href":"http:\/\/www.kfz-service-weller.de\/index.php?rest_route=\/wp\/v2\/types\/page"}],"author":[{"embeddable":true,"href":"http:\/\/www.kfz-service-weller.de\/index.php?rest_route=\/wp\/v2\/users\/1"}],"replies":[{"embeddable":true,"href":"http:\/\/www.kfz-service-weller.de\/index.php?rest_route=%2Fwp%2Fv2%2Fcomments&post=145"}],"version-history":[{"count":19,"href":"http:\/\/www.kfz-service-weller.de\/index.php?rest_route=\/wp\/v2\/pages\/145\/revisions"}],"predecessor-version":[{"id":266,"href":"http:\/\/www.kfz-service-weller.de\/index.php?rest_route=\/wp\/v2\/pages\/145\/revisions\/266"}],"wp:attachment":[{"href":"http:\/\/www.kfz-service-weller.de\/index.php?rest_route=%2Fwp%2Fv2%2Fmedia&parent=145"}],"curies":[{"name":"wp","href":"https:\/\/api.w.org\/{rel}","templated":true}]}}